{"id":2027,"date":"2021-01-09T23:17:38","date_gmt":"2021-01-09T22:17:38","guid":{"rendered":"https:\/\/procreareggbank.com\/consentimiento-para-tratamiento-datos\/"},"modified":"2021-01-09T23:17:38","modified_gmt":"2021-01-09T22:17:38","slug":"consentimiento-para-tratamiento-datos","status":"publish","type":"page","link":"https:\/\/procreareggbank.com\/en\/consentimiento-para-tratamiento-datos\/","title":{"rendered":"Consentimiento para tratamiento datos"},"content":{"rendered":"<p>[et_pb_section fb_built=&#8221;1&#8243; _builder_version=&#8221;4.7.7&#8243; _module_preset=&#8221;default&#8221;][et_pb_row _builder_version=&#8221;4.7.7&#8243; _module_preset=&#8221;default&#8221;][et_pb_column _builder_version=&#8221;4.7.7&#8243; _module_preset=&#8221;default&#8221; type=&#8221;4_4&#8243;][et_pb_text _builder_version=&#8221;4.7.7&#8243; _module_preset=&#8221;default&#8221; hover_enabled=&#8221;0&#8243; sticky_enabled=&#8221;0&#8243;]<\/p>\n<h1>CONSENTIMIENTO PARA EL TRATAMIENTO DE DATOS PERSONALES<\/h1>\n<p>MEDINAMIC 2010 SL es el Responsable del tratamiento de los datos personales del Usuario y le informa de que\u00a0estos datos se tratar\u00e1n de conformidad con lo dispuesto en el Reglamento (UE) 2016\/679, de 27 de abril (GDPR),\u00a0y la Ley Org\u00e1nica 3\/2018, de 5 de diciembre (LOPDGDD), por lo que se le facilita la siguiente informaci\u00f3n del\u00a0tratamiento:<\/p>\n<p><strong>Fines y legitimaci\u00f3n del tratamiento<\/strong>: prestaci\u00f3n de servicios profesionales de salud y mantenimiento del\u00a0historial cl\u00ednico de la Interesada a efectos de la donaci\u00f3n o petici\u00f3n de ovocitos, (art. 6.1.a GDPR).<\/p>\n<p><strong>Criterios de conservaci\u00f3n de los datos<\/strong>: se conservar\u00e1n durante no m\u00e1s tiempo del necesario para mantener el\u00a0fin del tratamiento o existan prescripciones legales que dictaminen su custodia y cuando ya no sea necesario\u00a0para ello, se suprimir\u00e1n con medidas de seguridad adecuadas para garantizar la anonimizaci\u00f3n de los datos o la\u00a0destrucci\u00f3n total de los mismos.<\/p>\n<p><strong>Comunicaci\u00f3n de los datos<\/strong>: no se comunicar\u00e1n los datos a terceros, salvo obligaci\u00f3n legal.<\/p>\n<p><strong>Derechos que asisten al Usuario:<\/strong><br \/>&#8211; Derecho a retirar el consentimiento en cualquier momento.<br \/>&#8211; Derecho de acceso, rectificaci\u00f3n, portabilidad y supresi\u00f3n de sus datos, y de limitaci\u00f3n u oposici\u00f3n a su<br \/>tratamiento.<br \/>&#8211; Derecho a presentar una reclamaci\u00f3n ante la Autoridad de control (www.aepd.es) si considera que el<br \/>tratamiento no se ajusta a la normativa vigente.<\/p>\n<p><strong>Datos de contacto para ejercer sus derechos:<\/strong><\/p>\n<p>MEDINAMIC 2010 SL. C\/ General Moragues, 87 &#8211; 43203 REUS (Tarragona). E-mail: info@procrear.es<br \/>Datos de contacto del delegado de protecci\u00f3n de datos: <a href=\"mailto:dpo@ateneu.eu\">dpo@ateneu.eu<\/a>\u00a0<br \/>Para continuar debe aceptar que ha le\u00eddo y est\u00e1 conforme con la cl\u00e1usula anterior.<\/p>\n<p style=\"text-align: center;\"><strong>[ ] ACEPTAR<\/strong><\/p>\n<p>[\/et_pb_text][\/et_pb_column][\/et_pb_row][\/et_pb_section]<\/p>\n","protected":false},"excerpt":{"rendered":"<p>CONSENTIMIENTO PARA EL TRATAMIENTO DE DATOS PERSONALES MEDINAMIC 2010 SL es el Responsable del tratamiento de los datos personales del Usuario y le informa de que\u00a0estos datos se tratar\u00e1n de conformidad con lo dispuesto en el Reglamento (UE) 2016\/679, de 27 de abril (GDPR),\u00a0y la Ley Org\u00e1nica 3\/2018, de 5 de diciembre (LOPDGDD), por lo [&hellip;]<\/p>\n","protected":false},"author":1,"featured_media":0,"parent":0,"menu_order":0,"comment_status":"closed","ping_status":"closed","template":"","meta":{"_et_pb_use_builder":"on","_et_pb_old_content":"","_et_gb_content_width":"","footnotes":""},"class_list":["post-2027","page","type-page","status-publish","hentry"],"yoast_head":"<!-- This site is optimized with the Yoast SEO plugin v26.9 - https:\/\/yoast.com\/product\/yoast-seo-wordpress\/ -->\n<title>Consentimiento para tratamiento datos - Procrear Eggbank<\/title>\n<meta name=\"robots\" content=\"index, follow, max-snippet:-1, max-image-preview:large, max-video-preview:-1\" \/>\n<link rel=\"canonical\" href=\"https:\/\/procreareggbank.com\/en\/consentimiento-para-tratamiento-datos\/\" \/>\n<meta property=\"og:locale\" content=\"en_US\" \/>\n<meta property=\"og:type\" content=\"article\" \/>\n<meta property=\"og:title\" content=\"Consentimiento para tratamiento datos - Procrear Eggbank\" \/>\n<meta property=\"og:description\" content=\"CONSENTIMIENTO PARA EL TRATAMIENTO DE DATOS PERSONALES MEDINAMIC 2010 SL es el Responsable del tratamiento de los datos personales del Usuario y le informa de que\u00a0estos datos se tratar\u00e1n de conformidad con lo dispuesto en el Reglamento (UE) 2016\/679, de 27 de abril (GDPR),\u00a0y la Ley Org\u00e1nica 3\/2018, de 5 de diciembre (LOPDGDD), por lo [&hellip;]\" \/>\n<meta property=\"og:url\" content=\"https:\/\/procreareggbank.com\/en\/consentimiento-para-tratamiento-datos\/\" \/>\n<meta property=\"og:site_name\" content=\"Procrear Eggbank\" \/>\n<meta name=\"twitter:card\" content=\"summary_large_image\" \/>\n<meta name=\"twitter:label1\" content=\"Est. reading time\" \/>\n\t<meta name=\"twitter:data1\" content=\"2 minutes\" \/>\n<script type=\"application\/ld+json\" class=\"yoast-schema-graph\">{\"@context\":\"https:\/\/schema.org\",\"@graph\":[{\"@type\":\"WebPage\",\"@id\":\"https:\/\/procreareggbank.com\/en\/consentimiento-para-tratamiento-datos\/\",\"url\":\"https:\/\/procreareggbank.com\/en\/consentimiento-para-tratamiento-datos\/\",\"name\":\"Consentimiento para tratamiento datos - Procrear Eggbank\",\"isPartOf\":{\"@id\":\"https:\/\/procreareggbank.com\/en\/#website\"},\"datePublished\":\"2021-01-09T22:17:38+00:00\",\"breadcrumb\":{\"@id\":\"https:\/\/procreareggbank.com\/en\/consentimiento-para-tratamiento-datos\/#breadcrumb\"},\"inLanguage\":\"en-US\",\"potentialAction\":[{\"@type\":\"ReadAction\",\"target\":[\"https:\/\/procreareggbank.com\/en\/consentimiento-para-tratamiento-datos\/\"]}]},{\"@type\":\"BreadcrumbList\",\"@id\":\"https:\/\/procreareggbank.com\/en\/consentimiento-para-tratamiento-datos\/#breadcrumb\",\"itemListElement\":[{\"@type\":\"ListItem\",\"position\":1,\"name\":\"Portada\",\"item\":\"https:\/\/procreareggbank.com\/en\/\"},{\"@type\":\"ListItem\",\"position\":2,\"name\":\"Consentimiento para tratamiento datos\"}]},{\"@type\":\"WebSite\",\"@id\":\"https:\/\/procreareggbank.com\/en\/#website\",\"url\":\"https:\/\/procreareggbank.com\/en\/\",\"name\":\"Procrear Eggbank\",\"description\":\"Banco de \u00f3vulos vitrificados\",\"potentialAction\":[{\"@type\":\"SearchAction\",\"target\":{\"@type\":\"EntryPoint\",\"urlTemplate\":\"https:\/\/procreareggbank.com\/en\/?s={search_term_string}\"},\"query-input\":{\"@type\":\"PropertyValueSpecification\",\"valueRequired\":true,\"valueName\":\"search_term_string\"}}],\"inLanguage\":\"en-US\"}]}<\/script>\n<!-- \/ Yoast SEO plugin. -->","yoast_head_json":{"title":"Consentimiento para tratamiento datos - Procrear Eggbank","robots":{"index":"index","follow":"follow","max-snippet":"max-snippet:-1","max-image-preview":"max-image-preview:large","max-video-preview":"max-video-preview:-1"},"canonical":"https:\/\/procreareggbank.com\/en\/consentimiento-para-tratamiento-datos\/","og_locale":"en_US","og_type":"article","og_title":"Consentimiento para tratamiento datos - Procrear Eggbank","og_description":"CONSENTIMIENTO PARA EL TRATAMIENTO DE DATOS PERSONALES MEDINAMIC 2010 SL es el Responsable del tratamiento de los datos personales del Usuario y le informa de que\u00a0estos datos se tratar\u00e1n de conformidad con lo dispuesto en el Reglamento (UE) 2016\/679, de 27 de abril (GDPR),\u00a0y la Ley Org\u00e1nica 3\/2018, de 5 de diciembre (LOPDGDD), por lo [&hellip;]","og_url":"https:\/\/procreareggbank.com\/en\/consentimiento-para-tratamiento-datos\/","og_site_name":"Procrear Eggbank","twitter_card":"summary_large_image","twitter_misc":{"Est. reading time":"2 minutes"},"schema":{"@context":"https:\/\/schema.org","@graph":[{"@type":"WebPage","@id":"https:\/\/procreareggbank.com\/en\/consentimiento-para-tratamiento-datos\/","url":"https:\/\/procreareggbank.com\/en\/consentimiento-para-tratamiento-datos\/","name":"Consentimiento para tratamiento datos - Procrear Eggbank","isPartOf":{"@id":"https:\/\/procreareggbank.com\/en\/#website"},"datePublished":"2021-01-09T22:17:38+00:00","breadcrumb":{"@id":"https:\/\/procreareggbank.com\/en\/consentimiento-para-tratamiento-datos\/#breadcrumb"},"inLanguage":"en-US","potentialAction":[{"@type":"ReadAction","target":["https:\/\/procreareggbank.com\/en\/consentimiento-para-tratamiento-datos\/"]}]},{"@type":"BreadcrumbList","@id":"https:\/\/procreareggbank.com\/en\/consentimiento-para-tratamiento-datos\/#breadcrumb","itemListElement":[{"@type":"ListItem","position":1,"name":"Portada","item":"https:\/\/procreareggbank.com\/en\/"},{"@type":"ListItem","position":2,"name":"Consentimiento para tratamiento datos"}]},{"@type":"WebSite","@id":"https:\/\/procreareggbank.com\/en\/#website","url":"https:\/\/procreareggbank.com\/en\/","name":"Procrear Eggbank","description":"Banco de \u00f3vulos vitrificados","potentialAction":[{"@type":"SearchAction","target":{"@type":"EntryPoint","urlTemplate":"https:\/\/procreareggbank.com\/en\/?s={search_term_string}"},"query-input":{"@type":"PropertyValueSpecification","valueRequired":true,"valueName":"search_term_string"}}],"inLanguage":"en-US"}]}},"_links":{"self":[{"href":"https:\/\/procreareggbank.com\/en\/wp-json\/wp\/v2\/pages\/2027","targetHints":{"allow":["GET"]}}],"collection":[{"href":"https:\/\/procreareggbank.com\/en\/wp-json\/wp\/v2\/pages"}],"about":[{"href":"https:\/\/procreareggbank.com\/en\/wp-json\/wp\/v2\/types\/page"}],"author":[{"embeddable":true,"href":"https:\/\/procreareggbank.com\/en\/wp-json\/wp\/v2\/users\/1"}],"replies":[{"embeddable":true,"href":"https:\/\/procreareggbank.com\/en\/wp-json\/wp\/v2\/comments?post=2027"}],"version-history":[{"count":0,"href":"https:\/\/procreareggbank.com\/en\/wp-json\/wp\/v2\/pages\/2027\/revisions"}],"wp:attachment":[{"href":"https:\/\/procreareggbank.com\/en\/wp-json\/wp\/v2\/media?parent=2027"}],"curies":[{"name":"wp","href":"https:\/\/api.w.org\/{rel}","templated":true}]}}